{"id":1944,"date":"2023-09-27T19:43:53","date_gmt":"2023-09-27T19:43:53","guid":{"rendered":"https:\/\/ragnhildclodpedersen.dk\/?page_id=1944"},"modified":"2024-04-28T11:52:57","modified_gmt":"2024-04-28T11:52:57","slug":"fortaellequarteten","status":"publish","type":"page","link":"https:\/\/ragnhildclodpedersen.dk\/index.php\/fortaellequarteten\/","title":{"rendered":"Fort\u00e6llequarteten"},"content":{"rendered":"\t\t<div data-elementor-type=\"wp-page\" data-elementor-id=\"1944\" class=\"elementor elementor-1944\">\n\t\t\t\t<div class=\"elementor-element elementor-element-3c79e27 e-flex e-con-boxed e-con e-parent\" data-id=\"3c79e27\" data-element_type=\"container\">\n\t\t\t\t\t<div class=\"e-con-inner\">\n\t\t<div class=\"elementor-element elementor-element-a6fcb05 e-con-full e-flex e-con e-child\" data-id=\"a6fcb05\" data-element_type=\"container\">\n\t\t\t\t<div class=\"elementor-element elementor-element-72fa9fa elementor-widget elementor-widget-image\" data-id=\"72fa9fa\" data-element_type=\"widget\" data-widget_type=\"image.default\">\n\t\t\t\t<div class=\"elementor-widget-container\">\n\t\t\t<style>\/*! elementor - v3.22.0 - 24-06-2024 *\/\n.elementor-widget-image{text-align:center}.elementor-widget-image a{display:inline-block}.elementor-widget-image a img[src$=\".svg\"]{width:48px}.elementor-widget-image img{vertical-align:middle;display:inline-block}<\/style>\t\t\t\t\t\t\t\t\t\t<img fetchpriority=\"high\" decoding=\"async\" width=\"1024\" height=\"635\" src=\"https:\/\/ragnhildclodpedersen.dk\/wp-content\/uploads\/2024\/01\/FortaelleQuarteten-2-1024x635.jpg\" class=\"attachment-large size-large wp-image-2278\" alt=\"\" srcset=\"https:\/\/ragnhildclodpedersen.dk\/wp-content\/uploads\/2024\/01\/FortaelleQuarteten-2-1024x635.jpg 1024w, https:\/\/ragnhildclodpedersen.dk\/wp-content\/uploads\/2024\/01\/FortaelleQuarteten-2-300x186.jpg 300w, https:\/\/ragnhildclodpedersen.dk\/wp-content\/uploads\/2024\/01\/FortaelleQuarteten-2-768x476.jpg 768w, https:\/\/ragnhildclodpedersen.dk\/wp-content\/uploads\/2024\/01\/FortaelleQuarteten-2-1536x953.jpg 1536w, https:\/\/ragnhildclodpedersen.dk\/wp-content\/uploads\/2024\/01\/FortaelleQuarteten-2-2048x1270.jpg 2048w\" sizes=\"(max-width: 1024px) 100vw, 1024px\" \/>\t\t\t\t\t\t\t\t\t\t\t\t\t<\/div>\n\t\t\t\t<\/div>\n\t\t\t\t<\/div>\n\t\t<div class=\"elementor-element elementor-element-d975328 e-con-full e-flex e-con e-child\" data-id=\"d975328\" data-element_type=\"container\">\n\t\t\t\t<div class=\"elementor-element elementor-element-f02e8b6 elementor-widget elementor-widget-text-editor\" data-id=\"f02e8b6\" data-element_type=\"widget\" data-widget_type=\"text-editor.default\">\n\t\t\t\t<div class=\"elementor-widget-container\">\n\t\t\t<style>\/*! elementor - v3.22.0 - 24-06-2024 *\/\n.elementor-widget-text-editor.elementor-drop-cap-view-stacked .elementor-drop-cap{background-color:#69727d;color:#fff}.elementor-widget-text-editor.elementor-drop-cap-view-framed .elementor-drop-cap{color:#69727d;border:3px solid;background-color:transparent}.elementor-widget-text-editor:not(.elementor-drop-cap-view-default) .elementor-drop-cap{margin-top:8px}.elementor-widget-text-editor:not(.elementor-drop-cap-view-default) .elementor-drop-cap-letter{width:1em;height:1em}.elementor-widget-text-editor .elementor-drop-cap{float:left;text-align:center;line-height:1;font-size:50px}.elementor-widget-text-editor .elementor-drop-cap-letter{display:inline-block}<\/style>\t\t\t\t<p><strong>Fort\u00e6lleQuarteten<\/strong><\/p>\t\t\t\t\t\t<\/div>\n\t\t\t\t<\/div>\n\t\t\t\t<div class=\"elementor-element elementor-element-c527706 elementor-widget elementor-widget-text-editor\" data-id=\"c527706\" data-element_type=\"widget\" data-widget_type=\"text-editor.default\">\n\t\t\t\t<div class=\"elementor-widget-container\">\n\t\t\t\t\t\t\t<p>Fort\u00e6lleQuarteten best\u00e5r af Mette Kuhlen Gullach, Mogens Nielsen, Frederik Sylvest og mig.\u00a0<\/p><p>\u00a0<\/p><p>Vi m\u00f8dtes p\u00e5 en scene for historiefort\u00e6lling og blev hurtigt enige om at sl\u00e5 os sammen som gruppe. Vi delte en begejstring for fort\u00e6llingens kraft og en lyst til at udforske, hvor den kan bringe os hen.<\/p><p>\u00a0<\/p><p>Vores koncept er enkelt: omkring halvanden times optr\u00e6den, hvor vi skiftes til at fort\u00e6lle historier. P\u00e5 den m\u00e5de f\u00e5r I en sp\u00e6ndende aften, hvor I oplever fire fort\u00e6lleres m\u00e5de at fort\u00e6lle.<\/p><p>\u00a0<\/p><p>Formatet kr\u00e6ver ikke andet end stole til publikum.\u00a0<\/p><p>L\u00e6ngden af arrangementet kan tilpasses jeres behov.<\/p>\t\t\t\t\t\t<\/div>\n\t\t\t\t<\/div>\n\t\t\t\t<\/div>\n\t\t\t\t\t<\/div>\n\t\t\t\t<\/div>\n\t\t\t\t<\/div>\n\t\t","protected":false},"excerpt":{"rendered":"<p>Fort\u00e6lleQuarteten Fort\u00e6lleQuarteten best\u00e5r af Mette Kuhlen Gullach, Mogens Nielsen, Frederik Sylvest og mig.\u00a0 \u00a0 Vi m\u00f8dtes p\u00e5 en scene for historiefort\u00e6lling og blev hurtigt enige om at sl\u00e5 os sammen som gruppe. Vi delte en begejstring for fort\u00e6llingens kraft og en lyst til at udforske, hvor den kan bringe os hen. \u00a0 Vores koncept er [&hellip;]<\/p>\n","protected":false},"author":1,"featured_media":0,"parent":0,"menu_order":0,"comment_status":"closed","ping_status":"closed","template":"","meta":{"site-sidebar-layout":"no-sidebar","site-content-layout":"page-builder","ast-site-content-layout":"full-width-container","site-content-style":"default","site-sidebar-style":"default","ast-global-header-display":"","ast-banner-title-visibility":"","ast-main-header-display":"","ast-hfb-above-header-display":"","ast-hfb-below-header-display":"","ast-hfb-mobile-header-display":"","site-post-title":"disabled","ast-breadcrumbs-content":"","ast-featured-img":"disabled","footer-sml-layout":"","theme-transparent-header-meta":"","adv-header-id-meta":"","stick-header-meta":"","header-above-stick-meta":"","header-main-stick-meta":"","header-below-stick-meta":"","astra-migrate-meta-layouts":"set","ast-page-background-enabled":"default","ast-page-background-meta":{"desktop":{"background-color":"var(--ast-global-color-4)","background-image":"","background-repeat":"repeat","background-position":"center center","background-size":"auto","background-attachment":"scroll","background-type":"","background-media":"","overlay-type":"","overlay-color":"","overlay-opacity":"","overlay-gradient":""},"tablet":{"background-color":"","background-image":"","background-repeat":"repeat","background-position":"center center","background-size":"auto","background-attachment":"scroll","background-type":"","background-media":"","overlay-type":"","overlay-color":"","overlay-opacity":"","overlay-gradient":""},"mobile":{"background-color":"","background-image":"","background-repeat":"repeat","background-position":"center center","background-size":"auto","background-attachment":"scroll","background-type":"","background-media":"","overlay-type":"","overlay-color":"","overlay-opacity":"","overlay-gradient":""}},"ast-content-background-meta":{"desktop":{"background-color":"var(--ast-global-color-5)","background-image":"","background-repeat":"repeat","background-position":"center center","background-size":"auto","background-attachment":"scroll","background-type":"","background-media":"","overlay-type":"","overlay-color":"","overlay-opacity":"","overlay-gradient":""},"tablet":{"background-color":"var(--ast-global-color-5)","background-image":"","background-repeat":"repeat","background-position":"center center","background-size":"auto","background-attachment":"scroll","background-type":"","background-media":"","overlay-type":"","overlay-color":"","overlay-opacity":"","overlay-gradient":""},"mobile":{"background-color":"var(--ast-global-color-5)","background-image":"","background-repeat":"repeat","background-position":"center center","background-size":"auto","background-attachment":"scroll","background-type":"","background-media":"","overlay-type":"","overlay-color":"","overlay-opacity":"","overlay-gradient":""}},"ngg_post_thumbnail":0,"footnotes":""},"_links":{"self":[{"href":"https:\/\/ragnhildclodpedersen.dk\/index.php\/wp-json\/wp\/v2\/pages\/1944"}],"collection":[{"href":"https:\/\/ragnhildclodpedersen.dk\/index.php\/wp-json\/wp\/v2\/pages"}],"about":[{"href":"https:\/\/ragnhildclodpedersen.dk\/index.php\/wp-json\/wp\/v2\/types\/page"}],"author":[{"embeddable":true,"href":"https:\/\/ragnhildclodpedersen.dk\/index.php\/wp-json\/wp\/v2\/users\/1"}],"replies":[{"embeddable":true,"href":"https:\/\/ragnhildclodpedersen.dk\/index.php\/wp-json\/wp\/v2\/comments?post=1944"}],"version-history":[{"count":85,"href":"https:\/\/ragnhildclodpedersen.dk\/index.php\/wp-json\/wp\/v2\/pages\/1944\/revisions"}],"predecessor-version":[{"id":2598,"href":"https:\/\/ragnhildclodpedersen.dk\/index.php\/wp-json\/wp\/v2\/pages\/1944\/revisions\/2598"}],"wp:attachment":[{"href":"https:\/\/ragnhildclodpedersen.dk\/index.php\/wp-json\/wp\/v2\/media?parent=1944"}],"curies":[{"name":"wp","href":"https:\/\/api.w.org\/{rel}","templated":true}]}}