{"id":15,"date":"2021-11-21T15:14:41","date_gmt":"2021-11-21T15:14:41","guid":{"rendered":"https:\/\/ragnhildclodpedersen.dk\/index.php\/services\/"},"modified":"2026-04-01T09:55:31","modified_gmt":"2026-04-01T09:55:31","slug":"services","status":"publish","type":"page","link":"https:\/\/ragnhildclodpedersen.dk\/index.php\/services\/","title":{"rendered":"Services"},"content":{"rendered":"\t\t<div data-elementor-type=\"wp-page\" data-elementor-id=\"15\" class=\"elementor elementor-15\">\n\t\t\t\t<div class=\"elementor-element elementor-element-999d208 e-flex e-con-boxed e-con e-parent\" data-id=\"999d208\" data-element_type=\"container\">\n\t\t\t\t\t<div class=\"e-con-inner\">\n\t\t<div class=\"elementor-element elementor-element-1aa180f e-con-full e-flex e-con e-child\" data-id=\"1aa180f\" data-element_type=\"container\">\n\t\t\t\t<div class=\"elementor-element elementor-element-8582e80 elementor-widget__width-initial elementor-widget elementor-widget-image\" data-id=\"8582e80\" data-element_type=\"widget\" data-widget_type=\"image.default\">\n\t\t\t\t<div class=\"elementor-widget-container\">\n\t\t\t<style>\/*! elementor - v3.22.0 - 24-06-2024 *\/\n.elementor-widget-image{text-align:center}.elementor-widget-image a{display:inline-block}.elementor-widget-image a img[src$=\".svg\"]{width:48px}.elementor-widget-image img{vertical-align:middle;display:inline-block}<\/style>\t\t\t\t\t\t\t\t\t\t<img fetchpriority=\"high\" decoding=\"async\" width=\"802\" height=\"1024\" src=\"https:\/\/ragnhildclodpedersen.dk\/wp-content\/uploads\/2024\/04\/Ragnhild-Clod-Pedersen-Kopi-802x1024.jpeg\" class=\"attachment-large size-large wp-image-2460\" alt=\"\" srcset=\"https:\/\/ragnhildclodpedersen.dk\/wp-content\/uploads\/2024\/04\/Ragnhild-Clod-Pedersen-Kopi-802x1024.jpeg 802w, https:\/\/ragnhildclodpedersen.dk\/wp-content\/uploads\/2024\/04\/Ragnhild-Clod-Pedersen-Kopi-235x300.jpeg 235w, https:\/\/ragnhildclodpedersen.dk\/wp-content\/uploads\/2024\/04\/Ragnhild-Clod-Pedersen-Kopi-768x981.jpeg 768w, https:\/\/ragnhildclodpedersen.dk\/wp-content\/uploads\/2024\/04\/Ragnhild-Clod-Pedersen-Kopi-1203x1536.jpeg 1203w, https:\/\/ragnhildclodpedersen.dk\/wp-content\/uploads\/2024\/04\/Ragnhild-Clod-Pedersen-Kopi-1603x2048.jpeg 1603w, https:\/\/ragnhildclodpedersen.dk\/wp-content\/uploads\/2024\/04\/Ragnhild-Clod-Pedersen-Kopi-scaled.jpeg 2004w\" sizes=\"(max-width: 802px) 100vw, 802px\" \/>\t\t\t\t\t\t\t\t\t\t\t\t\t<\/div>\n\t\t\t\t<\/div>\n\t\t\t\t<\/div>\n\t\t<div class=\"elementor-element elementor-element-c9b350a e-con-full e-flex e-con e-child\" data-id=\"c9b350a\" data-element_type=\"container\">\n\t\t\t\t<div class=\"elementor-element elementor-element-cc2e41e elementor-widget elementor-widget-text-editor\" data-id=\"cc2e41e\" data-element_type=\"widget\" data-widget_type=\"text-editor.default\">\n\t\t\t\t<div class=\"elementor-widget-container\">\n\t\t\t<style>\/*! elementor - v3.22.0 - 24-06-2024 *\/\n.elementor-widget-text-editor.elementor-drop-cap-view-stacked .elementor-drop-cap{background-color:#69727d;color:#fff}.elementor-widget-text-editor.elementor-drop-cap-view-framed .elementor-drop-cap{color:#69727d;border:3px solid;background-color:transparent}.elementor-widget-text-editor:not(.elementor-drop-cap-view-default) .elementor-drop-cap{margin-top:8px}.elementor-widget-text-editor:not(.elementor-drop-cap-view-default) .elementor-drop-cap-letter{width:1em;height:1em}.elementor-widget-text-editor .elementor-drop-cap{float:left;text-align:center;line-height:1;font-size:50px}.elementor-widget-text-editor .elementor-drop-cap-letter{display:inline-block}<\/style>\t\t\t\t<p><strong><em>Historiefort\u00e6ller\u00a0<\/em><\/strong><\/p>\t\t\t\t\t\t<\/div>\n\t\t\t\t<\/div>\n\t\t\t\t<div class=\"elementor-element elementor-element-23950a5 elementor-widget__width-initial elementor-widget elementor-widget-text-editor\" data-id=\"23950a5\" data-element_type=\"widget\" data-widget_type=\"text-editor.default\">\n\t\t\t\t<div class=\"elementor-widget-container\">\n\t\t\t\t\t\t\t<p>F\u00f8rste gang jeg stiftede bekendtskab med professionel historiefort\u00e6lling, anede jeg ikke, hvad det var. Jeg sad under et \u00e6bletr\u00e6 p\u00e5 et middelaldermarked. Ved et andet tr\u00e6 stod en mand og talte og gestikulerede foran nogle folk, som var fuldst\u00e6ndig opslugte. Langsomt rykkede jeg fra det ene tr\u00e6 til det andet. Og gik derfra med en f\u00f8lelse, som br\u00e6ndte inden i mig. Det ville jeg ogs\u00e5 kunne! Det der&#8230; hvad end det var, jeg lige havde oplevet. Ilden fra den dag har br\u00e6ndt i mig lige siden.<\/p><p>For selv at blive historiefort\u00e6ller har jeg hentet erfaring fra mange steder. De vigtigste har v\u00e6ret:<\/p><p>&#8211; Fort\u00e6lleteateret BestTellers. Jeg har g\u00e5et p\u00e5 deres grundkursus og optr\u00e6der der j\u00e6vnligt.\u00a0<\/p><p>&#8211; Nationalmuseet. Her har jeg i flere \u00e5r arbejdet som historiefort\u00e6ller og formidler.\u00a0<\/p><p>&#8211; Skuespillerakademiet. Her har jeg f\u00e5et undervisning i skuespilteknikker og -f\u00e6rdigheder.\u00a0<\/p>\t\t\t\t\t\t<\/div>\n\t\t\t\t<\/div>\n\t\t\t\t<div class=\"elementor-element elementor-element-7369594 elementor-widget elementor-widget-text-editor\" data-id=\"7369594\" data-element_type=\"widget\" data-widget_type=\"text-editor.default\">\n\t\t\t\t<div class=\"elementor-widget-container\">\n\t\t\t\t\t\t\t<p><strong><em>Historiker og formidler<\/em><\/strong><\/p>\t\t\t\t\t\t<\/div>\n\t\t\t\t<\/div>\n\t\t\t\t<div class=\"elementor-element elementor-element-6f61dba elementor-widget__width-initial elementor-widget elementor-widget-text-editor\" data-id=\"6f61dba\" data-element_type=\"widget\" data-widget_type=\"text-editor.default\">\n\t\t\t\t<div class=\"elementor-widget-container\">\n\t\t\t\t\t\t\t<p>Jeg har en kandidatgrad i historie fra K\u00f8benhavns Universitet, med sidefag i dansk og geografi.\u00a0<\/p><p>Jeg har arbejdet som formidler p\u00e5 Nationalmuseet i seks \u00e5r og st\u00e5et foran tusindvis af museumsg\u00e6ster med alt fra undervisning, rundvisning, fort\u00e6lling og skuespil. Det har l\u00e6rt mig at oms\u00e6tte faglig viden til noget, som f\u00e6nger og som folk kan forst\u00e5.\u00a0<\/p><p>Nu arbejder jeg som museumsinspekt\u00f8r p\u00e5 Egedal Arkiver og Museum, hvor jeg er ansvarlig for skoletjenesten.<\/p>\t\t\t\t\t\t<\/div>\n\t\t\t\t<\/div>\n\t\t\t\t<\/div>\n\t\t\t\t\t<\/div>\n\t\t\t\t<\/div>\n\t\t\t\t<\/div>\n\t\t","protected":false},"excerpt":{"rendered":"<p>Historiefort\u00e6ller\u00a0 F\u00f8rste gang jeg stiftede bekendtskab med professionel historiefort\u00e6lling, anede jeg ikke, hvad det var. Jeg sad under et \u00e6bletr\u00e6 p\u00e5 et middelaldermarked. Ved et andet tr\u00e6 stod en mand og talte og gestikulerede foran nogle folk, som var fuldst\u00e6ndig opslugte. Langsomt rykkede jeg fra det ene tr\u00e6 til det andet. Og gik derfra med [&hellip;]<\/p>\n","protected":false},"author":1,"featured_media":0,"parent":0,"menu_order":0,"comment_status":"closed","ping_status":"closed","template":"","meta":{"site-sidebar-layout":"no-sidebar","site-content-layout":"page-builder","ast-site-content-layout":"default","site-content-style":"default","site-sidebar-style":"default","ast-global-header-display":"","ast-banner-title-visibility":"","ast-main-header-display":"","ast-hfb-above-header-display":"","ast-hfb-below-header-display":"","ast-hfb-mobile-header-display":"","site-post-title":"disabled","ast-breadcrumbs-content":"","ast-featured-img":"disabled","footer-sml-layout":"","theme-transparent-header-meta":"enabled","adv-header-id-meta":"","stick-header-meta":"","header-above-stick-meta":"","header-main-stick-meta":"","header-below-stick-meta":"","astra-migrate-meta-layouts":"default","ast-page-background-enabled":"default","ast-page-background-meta":{"desktop":{"background-color":"var(--ast-global-color-4)","background-image":"","background-repeat":"repeat","background-position":"center center","background-size":"auto","background-attachment":"scroll","background-type":"","background-media":"","overlay-type":"","overlay-color":"","overlay-opacity":"","overlay-gradient":""},"tablet":{"background-color":"","background-image":"","background-repeat":"repeat","background-position":"center center","background-size":"auto","background-attachment":"scroll","background-type":"","background-media":"","overlay-type":"","overlay-color":"","overlay-opacity":"","overlay-gradient":""},"mobile":{"background-color":"","background-image":"","background-repeat":"repeat","background-position":"center center","background-size":"auto","background-attachment":"scroll","background-type":"","background-media":"","overlay-type":"","overlay-color":"","overlay-opacity":"","overlay-gradient":""}},"ast-content-background-meta":{"desktop":{"background-color":"var(--ast-global-color-5)","background-image":"","background-repeat":"repeat","background-position":"center center","background-size":"auto","background-attachment":"scroll","background-type":"","background-media":"","overlay-type":"","overlay-color":"","overlay-opacity":"","overlay-gradient":""},"tablet":{"background-color":"var(--ast-global-color-5)","background-image":"","background-repeat":"repeat","background-position":"center center","background-size":"auto","background-attachment":"scroll","background-type":"","background-media":"","overlay-type":"","overlay-color":"","overlay-opacity":"","overlay-gradient":""},"mobile":{"background-color":"var(--ast-global-color-5)","background-image":"","background-repeat":"repeat","background-position":"center center","background-size":"auto","background-attachment":"scroll","background-type":"","background-media":"","overlay-type":"","overlay-color":"","overlay-opacity":"","overlay-gradient":""}},"ngg_post_thumbnail":0,"footnotes":""},"_links":{"self":[{"href":"https:\/\/ragnhildclodpedersen.dk\/index.php\/wp-json\/wp\/v2\/pages\/15"}],"collection":[{"href":"https:\/\/ragnhildclodpedersen.dk\/index.php\/wp-json\/wp\/v2\/pages"}],"about":[{"href":"https:\/\/ragnhildclodpedersen.dk\/index.php\/wp-json\/wp\/v2\/types\/page"}],"author":[{"embeddable":true,"href":"https:\/\/ragnhildclodpedersen.dk\/index.php\/wp-json\/wp\/v2\/users\/1"}],"replies":[{"embeddable":true,"href":"https:\/\/ragnhildclodpedersen.dk\/index.php\/wp-json\/wp\/v2\/comments?post=15"}],"version-history":[{"count":97,"href":"https:\/\/ragnhildclodpedersen.dk\/index.php\/wp-json\/wp\/v2\/pages\/15\/revisions"}],"predecessor-version":[{"id":2802,"href":"https:\/\/ragnhildclodpedersen.dk\/index.php\/wp-json\/wp\/v2\/pages\/15\/revisions\/2802"}],"wp:attachment":[{"href":"https:\/\/ragnhildclodpedersen.dk\/index.php\/wp-json\/wp\/v2\/media?parent=15"}],"curies":[{"name":"wp","href":"https:\/\/api.w.org\/{rel}","templated":true}]}}