{"id":1448,"date":"2022-08-25T13:27:00","date_gmt":"2022-08-25T13:27:00","guid":{"rendered":"https:\/\/ragnhildclodpedersen.dk\/index.php\/home\/"},"modified":"2025-10-10T08:16:08","modified_gmt":"2025-10-10T08:16:08","slug":"home","status":"publish","type":"page","link":"https:\/\/ragnhildclodpedersen.dk\/","title":{"rendered":"Home"},"content":{"rendered":"\t\t<div data-elementor-type=\"wp-page\" data-elementor-id=\"1448\" class=\"elementor elementor-1448\">\n\t\t\t\t<div class=\"elementor-element elementor-element-30b7111 e-con-full e-flex e-con e-parent\" data-id=\"30b7111\" data-element_type=\"container\" data-settings=\"{&quot;background_background&quot;:&quot;classic&quot;}\">\n\t\t<div class=\"elementor-element elementor-element-253218b e-con-full e-flex e-con e-child\" data-id=\"253218b\" data-element_type=\"container\">\n\t\t\t\t<div class=\"elementor-element elementor-element-1721226 elementor-widget__width-initial elementor-widget elementor-widget-image\" data-id=\"1721226\" data-element_type=\"widget\" data-widget_type=\"image.default\">\n\t\t\t\t<div class=\"elementor-widget-container\">\n\t\t\t<style>\/*! elementor - v3.22.0 - 24-06-2024 *\/\n.elementor-widget-image{text-align:center}.elementor-widget-image a{display:inline-block}.elementor-widget-image a img[src$=\".svg\"]{width:48px}.elementor-widget-image img{vertical-align:middle;display:inline-block}<\/style>\t\t\t\t\t\t\t\t\t\t<img fetchpriority=\"high\" decoding=\"async\" width=\"768\" height=\"614\" src=\"https:\/\/ragnhildclodpedersen.dk\/wp-content\/uploads\/2023\/09\/Kopi-2-768x614.jpeg\" class=\"attachment-medium_large size-medium_large wp-image-1867\" alt=\"\" srcset=\"https:\/\/ragnhildclodpedersen.dk\/wp-content\/uploads\/2023\/09\/Kopi-2-768x614.jpeg 768w, https:\/\/ragnhildclodpedersen.dk\/wp-content\/uploads\/2023\/09\/Kopi-2-300x240.jpeg 300w, https:\/\/ragnhildclodpedersen.dk\/wp-content\/uploads\/2023\/09\/Kopi-2-1024x819.jpeg 1024w, https:\/\/ragnhildclodpedersen.dk\/wp-content\/uploads\/2023\/09\/Kopi-2-1536x1229.jpeg 1536w, https:\/\/ragnhildclodpedersen.dk\/wp-content\/uploads\/2023\/09\/Kopi-2-2048x1638.jpeg 2048w\" sizes=\"(max-width: 768px) 100vw, 768px\" \/>\t\t\t\t\t\t\t\t\t\t\t\t\t<\/div>\n\t\t\t\t<\/div>\n\t\t\t\t<\/div>\n\t\t<div class=\"elementor-element elementor-element-95c21f0 e-con-full e-flex e-con e-child\" data-id=\"95c21f0\" data-element_type=\"container\">\n\t\t\t\t<div class=\"elementor-element elementor-element-345a9aa elementor-widget elementor-widget-heading\" data-id=\"345a9aa\" data-element_type=\"widget\" data-widget_type=\"heading.default\">\n\t\t\t\t<div class=\"elementor-widget-container\">\n\t\t\t<style>\/*! elementor - v3.22.0 - 24-06-2024 *\/\n.elementor-heading-title{padding:0;margin:0;line-height:1}.elementor-widget-heading .elementor-heading-title[class*=elementor-size-]>a{color:inherit;font-size:inherit;line-height:inherit}.elementor-widget-heading .elementor-heading-title.elementor-size-small{font-size:15px}.elementor-widget-heading .elementor-heading-title.elementor-size-medium{font-size:19px}.elementor-widget-heading .elementor-heading-title.elementor-size-large{font-size:29px}.elementor-widget-heading .elementor-heading-title.elementor-size-xl{font-size:39px}.elementor-widget-heading .elementor-heading-title.elementor-size-xxl{font-size:59px}<\/style><h2 class=\"elementor-heading-title elementor-size-default\">Velkommen!<\/h2>\t\t<\/div>\n\t\t\t\t<\/div>\n\t\t\t\t<div class=\"elementor-element elementor-element-c5c8f43 elementor-widget__width-initial elementor-widget elementor-widget-text-editor\" data-id=\"c5c8f43\" data-element_type=\"widget\" data-widget_type=\"text-editor.default\">\n\t\t\t\t<div class=\"elementor-widget-container\">\n\t\t\t<style>\/*! elementor - v3.22.0 - 24-06-2024 *\/\n.elementor-widget-text-editor.elementor-drop-cap-view-stacked .elementor-drop-cap{background-color:#69727d;color:#fff}.elementor-widget-text-editor.elementor-drop-cap-view-framed .elementor-drop-cap{color:#69727d;border:3px solid;background-color:transparent}.elementor-widget-text-editor:not(.elementor-drop-cap-view-default) .elementor-drop-cap{margin-top:8px}.elementor-widget-text-editor:not(.elementor-drop-cap-view-default) .elementor-drop-cap-letter{width:1em;height:1em}.elementor-widget-text-editor .elementor-drop-cap{float:left;text-align:center;line-height:1;font-size:50px}.elementor-widget-text-editor .elementor-drop-cap-letter{display:inline-block}<\/style>\t\t\t\t<p>Mit navn er Ragnhild Clod Pedersen, og j<span style=\"font-style: inherit; font-weight: inherit; background-color: var(--ast-global-color-5); color: var(--ast-global-color-3);\">eg er historiefort\u00e6ller.<\/span><\/p><p>Jeg fort\u00e6ller b\u00e5de for b\u00f8rn og voksne. Historier om det forunderlige, det sjove, det m\u00e6rkelige, det s\u00f8rgelige, og alt hvad jeg ellers finder p\u00e5. Historier f\u00e5r fantasi og virkelighed til at hvirvle om hinanden. Alt kan ske, n\u00e5r en fort\u00e6ller begynder at tale.<\/p><p>Jeg er ogs\u00e5 uddannet historiker og besk\u00e6ftiger mig med historisk formidling &#8211; for mere information kan I g\u00e5 til siderne &#8216;Om mig&#8217; og &#8216;Foredrag&#8217;.<\/p><p>\u00a0<\/p><p>Se min instagram for l\u00f8bende opdateringer om mit arbejde: <a href=\"https:\/\/www.instagram.com\/ragnhildclodpedersen\/\"><span style=\"text-decoration: underline;\">ragnhild_instagram<\/span><\/a><\/p>\t\t\t\t\t\t<\/div>\n\t\t\t\t<\/div>\n\t\t\t\t<\/div>\n\t\t\t\t<\/div>\n\t\t\t\t<\/div>\n\t\t","protected":false},"excerpt":{"rendered":"<p>Velkommen! Mit navn er Ragnhild Clod Pedersen, og jeg er historiefort\u00e6ller. Jeg fort\u00e6ller b\u00e5de for b\u00f8rn og voksne. Historier om det forunderlige, det sjove, det m\u00e6rkelige, det s\u00f8rgelige, og alt hvad jeg ellers finder p\u00e5. Historier f\u00e5r fantasi og virkelighed til at hvirvle om hinanden. Alt kan ske, n\u00e5r en fort\u00e6ller begynder at tale. Jeg [&hellip;]<\/p>\n","protected":false},"author":1,"featured_media":0,"parent":0,"menu_order":0,"comment_status":"closed","ping_status":"closed","template":"","meta":{"site-sidebar-layout":"no-sidebar","site-content-layout":"page-builder","ast-site-content-layout":"full-width-container","site-content-style":"unboxed","site-sidebar-style":"unboxed","ast-global-header-display":"","ast-banner-title-visibility":"","ast-main-header-display":"","ast-hfb-above-header-display":"","ast-hfb-below-header-display":"","ast-hfb-mobile-header-display":"","site-post-title":"disabled","ast-breadcrumbs-content":"","ast-featured-img":"disabled","footer-sml-layout":"","theme-transparent-header-meta":"default","adv-header-id-meta":"","stick-header-meta":"","header-above-stick-meta":"","header-main-stick-meta":"","header-below-stick-meta":"","astra-migrate-meta-layouts":"set","ast-page-background-enabled":"default","ast-page-background-meta":{"desktop":{"background-color":"var(--ast-global-color-4)","background-image":"","background-repeat":"repeat","background-position":"center center","background-size":"auto","background-attachment":"scroll","background-type":"","background-media":"","overlay-type":"","overlay-color":"","overlay-opacity":"","overlay-gradient":""},"tablet":{"background-color":"","background-image":"","background-repeat":"repeat","background-position":"center center","background-size":"auto","background-attachment":"scroll","background-type":"","background-media":"","overlay-type":"","overlay-color":"","overlay-opacity":"","overlay-gradient":""},"mobile":{"background-color":"","background-image":"","background-repeat":"repeat","background-position":"center center","background-size":"auto","background-attachment":"scroll","background-type":"","background-media":"","overlay-type":"","overlay-color":"","overlay-opacity":"","overlay-gradient":""}},"ast-content-background-meta":{"desktop":{"background-color":"var(--ast-global-color-5)","background-image":"","background-repeat":"repeat","background-position":"center center","background-size":"auto","background-attachment":"scroll","background-type":"","background-media":"","overlay-type":"","overlay-color":"","overlay-opacity":"","overlay-gradient":""},"tablet":{"background-color":"var(--ast-global-color-5)","background-image":"","background-repeat":"repeat","background-position":"center center","background-size":"auto","background-attachment":"scroll","background-type":"","background-media":"","overlay-type":"","overlay-color":"","overlay-opacity":"","overlay-gradient":""},"mobile":{"background-color":"var(--ast-global-color-5)","background-image":"","background-repeat":"repeat","background-position":"center center","background-size":"auto","background-attachment":"scroll","background-type":"","background-media":"","overlay-type":"","overlay-color":"","overlay-opacity":"","overlay-gradient":""}},"ngg_post_thumbnail":0,"footnotes":""},"_links":{"self":[{"href":"https:\/\/ragnhildclodpedersen.dk\/index.php\/wp-json\/wp\/v2\/pages\/1448"}],"collection":[{"href":"https:\/\/ragnhildclodpedersen.dk\/index.php\/wp-json\/wp\/v2\/pages"}],"about":[{"href":"https:\/\/ragnhildclodpedersen.dk\/index.php\/wp-json\/wp\/v2\/types\/page"}],"author":[{"embeddable":true,"href":"https:\/\/ragnhildclodpedersen.dk\/index.php\/wp-json\/wp\/v2\/users\/1"}],"replies":[{"embeddable":true,"href":"https:\/\/ragnhildclodpedersen.dk\/index.php\/wp-json\/wp\/v2\/comments?post=1448"}],"version-history":[{"count":160,"href":"https:\/\/ragnhildclodpedersen.dk\/index.php\/wp-json\/wp\/v2\/pages\/1448\/revisions"}],"predecessor-version":[{"id":2741,"href":"https:\/\/ragnhildclodpedersen.dk\/index.php\/wp-json\/wp\/v2\/pages\/1448\/revisions\/2741"}],"wp:attachment":[{"href":"https:\/\/ragnhildclodpedersen.dk\/index.php\/wp-json\/wp\/v2\/media?parent=1448"}],"curies":[{"name":"wp","href":"https:\/\/api.w.org\/{rel}","templated":true}]}}